{"id":33,"date":"2019-12-06T22:45:57","date_gmt":"2019-12-06T22:45:57","guid":{"rendered":"http:\/\/wordpress.dorothea-kleine.de\/?page_id=33"},"modified":"2019-12-09T13:11:24","modified_gmt":"2019-12-09T13:11:24","slug":"biographie","status":"publish","type":"page","link":"https:\/\/dorothea-kleine.de\/?page_id=33","title":{"rendered":"Biographie"},"content":{"rendered":"\n<p>Dorothea Kleine wurde 1928 in Krappitz, Oberschlesien, geboren. <\/p>\n\n\n\n<p>Nach einer Ausbildung zur Krankenschwester studierte sie Journalistik in  Leipzig. W\u00e4hrend ihrer journalistischen Arbeit f\u00fcr diverse Zeitungen war  sie auch als Gerichtsreporterin t\u00e4tig, bevor sie freie Schriftstellerin  wurde. <\/p>\n\n\n\n<p><br>Sie\n arbeitete viel f\u00fcr das Fernsehen der DDR, f\u00fcr das sie zwischen 1968 und\n 1985 die Szenarien f\u00fcr rund zehn Kriminalf\u00e4lle entwickelte und schrieb.<br>Der\n Film \u201eAm hellerlichten Tag\u201c wurde 1973 verboten, sollte komplett \nvernichtet werden, wurde nach der Wende unter dramatischen Bedingungen \ngefunden, bearbeitet, restauriert, neu synchronisiert und schlie\u00dflich \nunter dem Titel \u201eIm Alter von..\u201c 2011 im Fernsehen ausgestrahlt. <\/p>\n\n\n\n<p><br>Ebenso war ihr Roman \u201eEintreffe heute\u201c f\u00fcnf Jahre lang verboten.<br>Der\n Roman \u201eIm Namen der Unschuld\u201c wurde 1996 u.a. mit Barbara Sukowa, Udo \nSamel und Matthias Habich in den Hauptrollen f\u00fcr das Kino verfilmt.<br>Dorothea Kleine war Stadtschreiberin in Montreuil, Frankreich, und in Saarbr\u00fccken. <\/p>\n\n\n\n<p>Im Jahr 1985 erhielt sie den Carl-Blechen-Literaturpreis. <br>Sie lebte viele Jahre in Cottbus und starb dort im Jahr 2010.<\/p>\n\n\n\t\t\t<style>\r\n                #foogallery-gallery-88.fg-masonry .fg-item {\r\n                    width: 150px;\r\n                    margin-right: 10px;\r\n                    margin-bottom: 10px;\r\n                }\r\n\t\t\t<\/style>\r\n\t\t\t<div class=\"foogallery foogallery-container foogallery-masonry foogallery-lightbox-foobox fg-center fg-masonry fg-light fg-border-thin fg-shadow-outline fg-loaded-fade-in fg-caption-hover fg-hover-fade fg-hover-zoom fg-ready fg-fixed\" id=\"foogallery-gallery-88\" data-foogallery=\"{&quot;item&quot;:{&quot;showCaptionTitle&quot;:false,&quot;showCaptionDescription&quot;:false},&quot;lazy&quot;:true,&quot;template&quot;:{&quot;columnWidth&quot;:150,&quot;gutter&quot;:10}}\" >\r\n\t\t<div class=\"fg-item fg-type-image fg-idle\"><figure class=\"fg-item-inner\"><a href=\"https:\/\/dorothea-kleine.de\/wp-content\/uploads\/2019\/12\/db_Feo-Bild41.jpg\" data-attachment-id=\"73\" data-type=\"image\" class=\"fg-thumb\"><span class=\"fg-image-wrap\"><img width=\"150\" height=\"197\" class=\"skip-lazy fg-image\" data-src-fg=\"https:\/\/dorothea-kleine.de\/wp-content\/uploads\/cache\/2019\/12\/db_Feo-Bild41\/973694995.jpg\" src=\"data:image\/svg+xml,%3Csvg%20xmlns%3D%22http%3A%2F%2Fwww.w3.org%2F2000%2Fsvg%22%20width%3D%22150%22%20height%3D%22197%22%20viewBox%3D%220%200%20150%20197%22%3E%3C%2Fsvg%3E\" loading=\"eager\"><\/span><span class=\"fg-image-overlay\"><\/span><\/a><figcaption class=\"fg-caption\"><div class=\"fg-caption-inner\"><\/div><\/figcaption><\/figure><div class=\"fg-loader\"><\/div><\/div><div class=\"fg-item fg-type-image fg-idle\"><figure class=\"fg-item-inner\"><a href=\"https:\/\/dorothea-kleine.de\/wp-content\/uploads\/2019\/12\/db_Feo-Bild61.jpg\" data-attachment-id=\"75\" data-type=\"image\" class=\"fg-thumb\"><span class=\"fg-image-wrap\"><img width=\"150\" height=\"215\" class=\"skip-lazy fg-image\" data-src-fg=\"https:\/\/dorothea-kleine.de\/wp-content\/uploads\/cache\/2019\/12\/db_Feo-Bild61\/3100589918.jpg\" src=\"data:image\/svg+xml,%3Csvg%20xmlns%3D%22http%3A%2F%2Fwww.w3.org%2F2000%2Fsvg%22%20width%3D%22150%22%20height%3D%22215%22%20viewBox%3D%220%200%20150%20215%22%3E%3C%2Fsvg%3E\" loading=\"eager\"><\/span><span class=\"fg-image-overlay\"><\/span><\/a><figcaption class=\"fg-caption\"><div class=\"fg-caption-inner\"><\/div><\/figcaption><\/figure><div class=\"fg-loader\"><\/div><\/div><div class=\"fg-item fg-type-image fg-idle\"><figure class=\"fg-item-inner\"><a href=\"https:\/\/dorothea-kleine.de\/wp-content\/uploads\/2019\/12\/db_Feo-Bild51.jpg\" data-attachment-id=\"74\" data-type=\"image\" class=\"fg-thumb\"><span class=\"fg-image-wrap\"><img width=\"150\" height=\"205\" class=\"skip-lazy fg-image\" data-src-fg=\"https:\/\/dorothea-kleine.de\/wp-content\/uploads\/cache\/2019\/12\/db_Feo-Bild51\/1592956391.jpg\" src=\"data:image\/svg+xml,%3Csvg%20xmlns%3D%22http%3A%2F%2Fwww.w3.org%2F2000%2Fsvg%22%20width%3D%22150%22%20height%3D%22205%22%20viewBox%3D%220%200%20150%20205%22%3E%3C%2Fsvg%3E\" loading=\"eager\"><\/span><span class=\"fg-image-overlay\"><\/span><\/a><figcaption class=\"fg-caption\"><div class=\"fg-caption-inner\"><\/div><\/figcaption><\/figure><div class=\"fg-loader\"><\/div><\/div><div class=\"fg-item fg-type-image fg-idle\"><figure class=\"fg-item-inner\"><a href=\"https:\/\/dorothea-kleine.de\/wp-content\/uploads\/2019\/12\/db_Feo-Bild81.jpg\" data-attachment-id=\"77\" data-type=\"image\" class=\"fg-thumb\"><span class=\"fg-image-wrap\"><img width=\"150\" height=\"160\" class=\"skip-lazy fg-image\" data-src-fg=\"https:\/\/dorothea-kleine.de\/wp-content\/uploads\/cache\/2019\/12\/db_Feo-Bild81\/337497717.jpg\" src=\"data:image\/svg+xml,%3Csvg%20xmlns%3D%22http%3A%2F%2Fwww.w3.org%2F2000%2Fsvg%22%20width%3D%22150%22%20height%3D%22160%22%20viewBox%3D%220%200%20150%20160%22%3E%3C%2Fsvg%3E\" loading=\"eager\"><\/span><span class=\"fg-image-overlay\"><\/span><\/a><figcaption class=\"fg-caption\"><div class=\"fg-caption-inner\"><\/div><\/figcaption><\/figure><div class=\"fg-loader\"><\/div><\/div><div class=\"fg-item fg-type-image fg-idle\"><figure class=\"fg-item-inner\"><a href=\"https:\/\/dorothea-kleine.de\/wp-content\/uploads\/2019\/12\/db_Feo-Bild71.jpg\" data-attachment-id=\"76\" data-type=\"image\" class=\"fg-thumb\"><span class=\"fg-image-wrap\"><img width=\"150\" height=\"211\" class=\"skip-lazy fg-image\" data-src-fg=\"https:\/\/dorothea-kleine.de\/wp-content\/uploads\/cache\/2019\/12\/db_Feo-Bild71\/336893912.jpg\" src=\"data:image\/svg+xml,%3Csvg%20xmlns%3D%22http%3A%2F%2Fwww.w3.org%2F2000%2Fsvg%22%20width%3D%22150%22%20height%3D%22211%22%20viewBox%3D%220%200%20150%20211%22%3E%3C%2Fsvg%3E\" loading=\"eager\"><\/span><span class=\"fg-image-overlay\"><\/span><\/a><figcaption class=\"fg-caption\"><div class=\"fg-caption-inner\"><\/div><\/figcaption><\/figure><div class=\"fg-loader\"><\/div><\/div><div class=\"fg-item fg-type-image fg-idle\"><figure class=\"fg-item-inner\"><a href=\"https:\/\/dorothea-kleine.de\/wp-content\/uploads\/2019\/12\/db_Feo-Bild11.jpg\" data-attachment-id=\"70\" data-type=\"image\" class=\"fg-thumb\"><span class=\"fg-image-wrap\"><img width=\"150\" height=\"186\" class=\"skip-lazy fg-image\" data-src-fg=\"https:\/\/dorothea-kleine.de\/wp-content\/uploads\/cache\/2019\/12\/db_Feo-Bild11\/3409875353.jpg\" src=\"data:image\/svg+xml,%3Csvg%20xmlns%3D%22http%3A%2F%2Fwww.w3.org%2F2000%2Fsvg%22%20width%3D%22150%22%20height%3D%22186%22%20viewBox%3D%220%200%20150%20186%22%3E%3C%2Fsvg%3E\" loading=\"eager\"><\/span><span class=\"fg-image-overlay\"><\/span><\/a><figcaption class=\"fg-caption\"><div class=\"fg-caption-inner\"><\/div><\/figcaption><\/figure><div class=\"fg-loader\"><\/div><\/div><div class=\"fg-item fg-type-image fg-idle\"><figure class=\"fg-item-inner\"><a href=\"https:\/\/dorothea-kleine.de\/wp-content\/uploads\/2019\/12\/db_Feo-Bild31.jpg\" data-attachment-id=\"72\" data-type=\"image\" class=\"fg-thumb\"><span class=\"fg-image-wrap\"><img width=\"150\" height=\"105\" class=\"skip-lazy fg-image\" data-src-fg=\"https:\/\/dorothea-kleine.de\/wp-content\/uploads\/cache\/2019\/12\/db_Feo-Bild31\/2178454438.jpg\" src=\"data:image\/svg+xml,%3Csvg%20xmlns%3D%22http%3A%2F%2Fwww.w3.org%2F2000%2Fsvg%22%20width%3D%22150%22%20height%3D%22105%22%20viewBox%3D%220%200%20150%20105%22%3E%3C%2Fsvg%3E\" loading=\"eager\"><\/span><span class=\"fg-image-overlay\"><\/span><\/a><figcaption class=\"fg-caption\"><div class=\"fg-caption-inner\"><\/div><\/figcaption><\/figure><div class=\"fg-loader\"><\/div><\/div><div class=\"fg-item fg-type-image fg-idle\"><figure class=\"fg-item-inner\"><a href=\"https:\/\/dorothea-kleine.de\/wp-content\/uploads\/2019\/12\/db_Feo-Bild21.jpg\" data-attachment-id=\"71\" data-type=\"image\" class=\"fg-thumb\"><span class=\"fg-image-wrap\"><img width=\"150\" height=\"101\" class=\"skip-lazy fg-image\" data-src-fg=\"https:\/\/dorothea-kleine.de\/wp-content\/uploads\/cache\/2019\/12\/db_Feo-Bild21\/755186464.jpg\" src=\"data:image\/svg+xml,%3Csvg%20xmlns%3D%22http%3A%2F%2Fwww.w3.org%2F2000%2Fsvg%22%20width%3D%22150%22%20height%3D%22101%22%20viewBox%3D%220%200%20150%20101%22%3E%3C%2Fsvg%3E\" loading=\"eager\"><\/span><span class=\"fg-image-overlay\"><\/span><\/a><figcaption class=\"fg-caption\"><div class=\"fg-caption-inner\"><\/div><\/figcaption><\/figure><div class=\"fg-loader\"><\/div><\/div><\/div>","protected":false},"excerpt":{"rendered":"<p>Dorothea Kleine wurde 1928 in Krappitz, Oberschlesien, geboren. Nach einer Ausbildung zur Krankenschwester studierte sie Journalistik in Leipzig. W\u00e4hrend ihrer journalistischen Arbeit f\u00fcr diverse Zeitungen war sie auch als Gerichtsreporterin t\u00e4tig, bevor sie freie Schriftstellerin wurde. Sie arbeitete viel f\u00fcr das Fernsehen der DDR, f\u00fcr das sie zwischen 1968 und 1985 die Szenarien f\u00fcr rund &hellip; <a href=\"https:\/\/dorothea-kleine.de\/?page_id=33\" class=\"more-link\"><span class=\"screen-reader-text\">Biographie<\/span> weiterlesen<\/a><\/p>\n","protected":false},"author":1,"featured_media":0,"parent":0,"menu_order":0,"comment_status":"closed","ping_status":"closed","template":"","meta":[],"_links":{"self":[{"href":"https:\/\/dorothea-kleine.de\/index.php?rest_route=\/wp\/v2\/pages\/33"}],"collection":[{"href":"https:\/\/dorothea-kleine.de\/index.php?rest_route=\/wp\/v2\/pages"}],"about":[{"href":"https:\/\/dorothea-kleine.de\/index.php?rest_route=\/wp\/v2\/types\/page"}],"author":[{"embeddable":true,"href":"https:\/\/dorothea-kleine.de\/index.php?rest_route=\/wp\/v2\/users\/1"}],"replies":[{"embeddable":true,"href":"https:\/\/dorothea-kleine.de\/index.php?rest_route=%2Fwp%2Fv2%2Fcomments&post=33"}],"version-history":[{"count":4,"href":"https:\/\/dorothea-kleine.de\/index.php?rest_route=\/wp\/v2\/pages\/33\/revisions"}],"predecessor-version":[{"id":89,"href":"https:\/\/dorothea-kleine.de\/index.php?rest_route=\/wp\/v2\/pages\/33\/revisions\/89"}],"wp:attachment":[{"href":"https:\/\/dorothea-kleine.de\/index.php?rest_route=%2Fwp%2Fv2%2Fmedia&parent=33"}],"curies":[{"name":"wp","href":"https:\/\/api.w.org\/{rel}","templated":true}]}}