{"id":35,"date":"2019-12-07T17:56:44","date_gmt":"2019-12-07T17:56:44","guid":{"rendered":"http:\/\/wordpress.dorothea-kleine.de\/?page_id=35"},"modified":"2021-10-12T13:20:54","modified_gmt":"2021-10-12T13:20:54","slug":"buecher-und-filme","status":"publish","type":"page","link":"https:\/\/dorothea-kleine.de\/?page_id=35","title":{"rendered":"B\u00fccher und Filme"},"content":{"rendered":"\n<p><strong>Ihre Werke:<\/strong><\/p>\n\n\n\n<p><strong>Romane:<\/strong><\/p>\n\n\n\n<ul><li>Die Rechnung ging nicht auf, Berlin 1963 (Blaulicht, Heft 31)<\/li><li>Der Ring mit dem blauen Saphir, Berlin 1964 (Blaulicht, Heft 42)<\/li><li>Mord im Haus am See, Berlin 1965<\/li><li>Einer spielt falsch, Berlin 1969<\/li><li>Annette, Rostock, 1972<\/li><li>Eintreffe heute, Rostock 1978, BS-Verlag-Rostock 2011<\/li><li>Zwei wei\u00dfe Orchideen, Berlin 1979<\/li><li>Jahre mit Christine, Rostock 1980<\/li><li>Das sch\u00f6ne bisschen Leben, Rostock 1985<\/li><li>Traumreisen, Rostock 1989, Rostock 2011<\/li><li>Ausflug mit Folgen, Lebach 1990<\/li><li>T\u00f6tungsverfahren (Anthologie), J. Hempel, Lebach 1990 (Mit-Hrsgb)<\/li><li>Rendezvous mit einem M\u00f6rder, Berlin 1992<\/li><li>Im Namen der Unschuld, Berlin 1995<\/li><li>Christus kam nur bis Falkenberg, Berlin 1998<\/li><li>Die  allerletzte Fahrt des Admirals (Kettenroman, gem. mit J\u00fcrgen Alberts,  J\u00fcrgen Ebertowski, Jan Eik, -ky, Wolfgang Kienast, Gerhard Neumann, Tom  Wittgen und Gabriele Wolff), Ullstein 1999<\/li><li>Paula, liebe Paula, Berlin 2000<\/li><li>Das f\u00fcnfte Gebot, 2005, Frankfurt (Oder) 2008<\/li><li>Das Paradies ist anderswo, Rostock 2009<\/li><li>Geh nicht so f\u00fcgsam in die dunkle Nacht, Rostock 2010<\/li><li>Neu: Geh nicht so f\u00fcgsam in die dunkle Nacht, Tredition 2021<\/li><\/ul>\n\n\n\n<p><strong>Filme:<\/strong><\/p>\n\n\n\n<ul><li>1966 Der Rosenkavalier, Fernsehfilm<\/li><li>1967 Ihr letztes Rendezvous, Fernsehfilm<\/li><li>1973  POLIZEIRUF 110-Der Ring mit dem blauen Saphir (Serienfilm, 80 Min,  Fernsehen der DDR) (Szenarium: Dorothea Kleine, Buch: Norbert B\u00fcchner  und Eberhard G\u00f6rner, Regie: Nobert B\u00fcchner) EA 26.8.1973 DDR1 <\/li><li>1978  DER STAATSANWALT HAT DAS WORT &#8211; Meine Frau (Serienfilm, Fernsehen der  DDR, 80 Min)&nbsp; (Drehbuch: Dorothea Kleine (Szenarium) und K\u00e4the Riemann  (Drehbuch), Regie: Gerd Keil) EA 13.3.1978 DDR1 <\/li><li>1979  DER STAATSANWALT HAT DAS WORT &#8211; Zur Feier des Tages (Serienfilm,  Fernsehen der DDR, 73 Min) (Drehbuch: Dorothea Kleine, Regie: Gerd Keil)  EA 16.10.1979 DDR1 <\/li><li>1981  POLIZEIRUF 110-Harmloser Anfang (Fernsehfilm, Fernsehen der DDR, 68  Min) (Drehbuch: Helmut Nitzschke und K\u00e4the Riemann nach Motiven einer  Erz\u00e4hlung von Dorothea Kleine, Regie: Helmut Nitzschke) EA 2.8.1981 DDR1  <\/li><li>1979  DER STAATSANWALT HAT DAS WORT-Zur Feier des Tages (Serienfilm,  Fernsehen der DDR, 80 Min)&nbsp; (Drehbuch: Dorothea Kleine, Regie: Gerd  Keil) EA 16.10.1979 DDR1 <\/li><li>1986  DER STAATSANWALT HAT DAS WORT-Feine F\u00e4den (Serienfilm, Fernsehen der  DDR, 85 Min)&nbsp; (Drehbuch: Dorothea Kleine, Regie: Peter Weckwerth) EA  7.9.1986 DDR1<\/li><li>1997  Im Namen der Unschuld (Fernsehfilm, RTL2, 90 Min) (Drehbuch: Andreas  Kleinert und Thorsten Schultz nach Motiven des gleichnamigen Romans von  Dorothea Kleine, Regie: Andreas Kleinert) EA 30.12.1997 RTL2 <\/li><li>2011  (1975) POLIZEIRUF 110 &#8211; Im Alter von (Serienfilm, 80 Min, DFF\/ MDR)  (Szenarium: Dorothea Kleine, Drehbuch und Regie: Heinz Siebert)<br>Rekonstruierte Fassung des Film als 1974\/75: Anhand des Drehbuch synchronisierte Rohschnitt-Fassung<br><\/li><\/ul>\n\n\n\n<div class=\"wp-block-image\"><figure class=\"alignleft\"><img loading=\"lazy\" width=\"150\" height=\"227\" src=\"https:\/\/dorothea-kleine.de\/wp-content\/uploads\/2019\/12\/christus.jpg\" alt=\"\" class=\"wp-image-44\"\/><\/figure><\/div>\n\n\n\n<p><strong>Christus kam nur bis Falkenberg <\/strong><br>Die F\u00e4lle des Richters W.<br>Dorothea  Kleine schreibt \u00fcber Gerichtsf\u00e4lle, die sich Anfang der 90er Jahre  ereignet haben und am Cottbuser Gericht durch den Richter Gottfried  Werneburg verhandelt wurden. Es sind Kriminalf\u00e4lle, die sich ohne die  politische Wende in Deutschland sicher so nicht ereignet h\u00e4tten.<br><\/p>\n\n\n\n<div class=\"wp-block-image\"><figure class=\"alignleft\"><img loading=\"lazy\" width=\"150\" height=\"226\" src=\"https:\/\/dorothea-kleine.de\/wp-content\/uploads\/2019\/12\/paradies.jpg\" alt=\"\" class=\"wp-image-48\"\/><\/figure><\/div>\n\n\n\n<p><strong>Das Paradies ist anderswo<\/strong> <br>Anne gibt ihre Wohnung auf, zieht in die Rosenholzstra\u00dfe 10. Ihr Leben nimmt eine unerwartete Wendung &#8230;<br><br><br><br><br><\/p>\n\n\n\n<div class=\"wp-block-image\"><figure class=\"alignleft\"><img loading=\"lazy\" width=\"150\" height=\"225\" src=\"https:\/\/dorothea-kleine.de\/wp-content\/uploads\/2019\/12\/leben.jpg\" alt=\"\" class=\"wp-image-46\"\/><\/figure><\/div>\n\n\n\n<p><strong>Das sch\u00f6ne bisschen Leben <\/strong><br>Protokoll einer Krise<br>Wach werden. Nicht wach werden. Nicht wachwerdenwollen. Dahind\u00e4mmern zwischen Traum und Tag. Wirklichkeit hat keinen Zugang &#8230;<br><br><br><\/p>\n\n\n\n<div class=\"wp-block-image\"><figure class=\"alignleft\"><img loading=\"lazy\" width=\"150\" height=\"227\" src=\"https:\/\/dorothea-kleine.de\/wp-content\/uploads\/2019\/12\/nacht.jpg\" alt=\"\" class=\"wp-image-47\"\/><\/figure><\/div>\n\n\n\n<p><strong>Geh nicht so f\u00fcgsam in die dunkle Nacht <\/strong><br>Dorothea   Kleine bewies in Leben und Werk &#8211; und beweist auch in diesem, ihrem   letzten Werk, das \u00fcber ihr Leben berichtet -, dass der Platz eines   anst\u00e4ndigen Menschen zwischen allen St\u00fchlen ist, auf der Seite der   Wahrheit, nicht auf jener der fertigen Bilder.<br><br>Die  M\u00fcdigkeit, die  \u201cHerbstzeit\u201d, erlaubte es    Dorothea Kleine nicht,  dieses Buch zu beenden.  Ihre Gesundheit war schwach, jedoch verf\u00fcgte  sie \u00fcber eine innere  St\u00e4rke, einen buchst\u00e4blich eisernen Willen.<\/p>\n\n\n\n<div class=\"wp-block-image\"><figure class=\"alignleft\"><img loading=\"lazy\" width=\"150\" height=\"226\" src=\"https:\/\/dorothea-kleine.de\/wp-content\/uploads\/2019\/12\/eintreffe.jpg\" alt=\"\" class=\"wp-image-45\"\/><\/figure><\/div>\n\n\n\n<p><strong>eintreffe heute <\/strong><br>Jahrelang in der DDR verboten &#8230;<br><br><br><br><br><br><\/p>\n\n\n\n<div class=\"wp-block-image\"><figure class=\"alignleft\"><img loading=\"lazy\" width=\"150\" height=\"226\" src=\"https:\/\/dorothea-kleine.de\/wp-content\/uploads\/2019\/12\/traumreisen.jpg\" alt=\"\" class=\"wp-image-50\"\/><\/figure><\/div>\n\n\n\n<p><strong>Traumreisen <\/strong><br>Das 1989 erschienene Buch kam nicht mehr in die Buchhandlungen \u2026<br><br><br><br><br><\/p>\n\n\n\n<p><strong>Verlag Das Neue Berlin:<\/strong><\/p>\n\n\n\n<div class=\"wp-block-image\"><figure class=\"alignleft is-resized\"><img loading=\"lazy\" src=\"https:\/\/dorothea-kleine.de\/wp-content\/uploads\/2019\/12\/unschuld.jpg\" alt=\"\" class=\"wp-image-51\" width=\"236\" height=\"481\"\/><\/figure><\/div>\n\n\n\n<p><strong>Im Namen der Unschuld <\/strong><br><a href=\"http:\/\/www.eulenspiegel.com\/autoren\/autor\/1204-dorothea-kleine.html\">(Eulenspiegel Verlagsgruppe)<\/a><br>DIE-Reihe<br>ISBN 978-3-360-50111-0<br>nur als eBook erh\u00e4ltlich &nbsp;7,99&nbsp;\u20ac<br>Marie  ist jung, h\u00fcbsch und fr\u00f6hlich, sie studiert in Berlin und ist der ganze  Stolz ihrer Mutter Ulla Binder. Die hat nach der Wende Schwierigkeiten,  mit den neuen Verh\u00e4ltnissen zurechtzukommen. Auch k\u00f6rperlich wirkt sich  das aus und so soll sie nun in einem Sanatorium ihre Depressionen  \u00fcberwinden. Als ihre Tochter nach einem Besuch bei Ulla per Anhalter  zur\u00fcck nach Berlin f\u00e4hrt, wird sie Opfer einer Gewalttat. Ihre Mutter  nimmt mit einem seltsam sachlichen Interesse an den Ermittlungen in dem  Mordfall teil \u2026<\/p>\n\n\n\n<div class=\"wp-block-image\"><figure class=\"alignleft\"><img src=\"https:\/\/dorothea-kleine.de\/wp-content\/uploads\/2019\/12\/rendevous-e1580720648620.jpg\" alt=\"\" class=\"wp-image-49\"\/><\/figure><\/div>\n\n\n\n<p><strong>Rendezvous mit einem M\u00f6rder <\/strong><br> <a href=\"http:\/\/www.eulenspiegel.com\/autoren\/autor\/1204-dorothea-kleine.html\">(Eulenspiegel Verlagsgruppe)<\/a><br>DIE-Reihe<br>ISBN 978-3-360-50108-0<br>nur als eBook erh\u00e4ltlich &nbsp;7,99&nbsp;\u20ac<br>Franziska  Wolf hat in dem Chefsessel der Mordkommission kaum Platz genommen, als  die achtzehnj\u00e4hrige Schwesternsch\u00fclerin Maja niedergestochen aufgefunden  wird. Und keine Spur von dem T\u00e4ter oder von einem Motiv. Gelegenheit  f\u00fcr die Oberkommissarin, es sich und dem ihr \u00bbVor die Nase gesetzten\u00ab  Wessi zu beweisen, da\u00df sie ihr Handwerk versteht. Doch die  Ermittlungsergebnisse sind mager. Sicher scheint nur, da\u00df das M\u00e4dchen  mit ihrem M\u00f6rder verabredet war.<\/p>\n\n\n\n<p><\/p>\n\n\n\n<p><strong>Auswahl zu Arbeiten f\u00fcr Fernsehen und Kino<\/strong><\/p>\n\n\n\n<div class=\"wp-block-image\"><figure class=\"alignleft\"><img loading=\"lazy\" width=\"236\" height=\"336\" src=\"https:\/\/dorothea-kleine.de\/wp-content\/uploads\/2019\/12\/110.jpg\" alt=\"\" class=\"wp-image-42\" srcset=\"https:\/\/dorothea-kleine.de\/wp-content\/uploads\/2019\/12\/110.jpg 236w, https:\/\/dorothea-kleine.de\/wp-content\/uploads\/2019\/12\/110-211x300.jpg 211w\" sizes=\"(max-width: 236px) 100vw, 236px\" \/><\/figure><\/div>\n\n\n\n<p><strong>Polizeiruf 110: Im Alter von \u2026 (2011) <\/strong><\/p>\n\n\n\n<p>Vertrieb: Urla\u00df-Film, Metrix Media GmbH (2011), Telepool, DFF (1974)<br>Genre: Kriminalfilm<br>Produktionsland: DDR\/Deutschland<br>Regie: Heinz Seibert und Hans Werner<br>Darsteller: Peter Borgelt, J\u00fcrgen Frohriep, Sigrid G\u00f6hler und weitere <\/p>\n\n\n\n<p>(<a href=\"http:\/\/www.amazon.de\/Polizeiruf-110-Sonderedition-Dominik-Graf\/dp\/B00MJFQ06C\/ref=sr_1_1?s=dvd&amp;ie=UTF8&amp;qid=1448141637&amp;sr=1-1&amp;keywords=polizeiruf+2011\">Amazon)<\/a><\/p>\n\n\n\n<p>F\u00fcr\n das Szenarium zu &#8222;Am hellerlichten Tag&#8220;, nach dem Heinz Seibert das \nDrehbuch schrieb und die Regie f\u00fchrte, griff Dorothea Kleine auf den \n&#8222;Fall Hagedorn&#8220; zur\u00fcck. Die Arbeiten an dem Film wurden auf \nministerielle Weisung nach dem Rohschnitt abgebrochen, alle Materialien \nsollten vernichtet werden.<br>\u00dcber die Gr\u00fcnde daf\u00fcr kann nur spekuliert \nwerden. Die Auffassung, dass das Thema eines homosexuellen Triebt\u00e4ters \nden Verantwortlichen zu heikel erschien wurde erg\u00e4nzt von der Vermutung,\n dass die DDR sich durch das Erscheinen des Kriminalberichts &#8222;Der Fall \nHeckenrose&#8220; von Friedhelm Werremeier zum Fall Hagedorn zum Handeln \ngezwungen sah &#8211; Werremeier hatte enth\u00fcllt, dass Hagedorn als \nMinderj\u00e4hriger gar nicht h\u00e4tte hingerichtet werden d\u00fcrfen.<br>&nbsp;<br>Erst \nnach der Wiedervereinigung tauchte eine Kopie des Rohschnittes ohne Ton \nim Archiv des Rundfunks der DDR auf. Nachdem durch Zufall bei der \nAutorin Dorothea Kleine noch ein Exemplar des Drehbuchs gefunden worden \nwar,&nbsp; konnte der Film in einer synchronisierten Fassung am 23.6.2011 vom\n MDR unter dem Titel &#8222;Im Alter von&#8220; zum 40j\u00e4hrigen Jubil\u00e4um der \nPOLIZEIRUF-Reihe gesendet werden. Da viele der Darsteller, die im Film \nauftraten bereits verstorben waren, \u00fcbernahmen Kollegen aus den \naktuellen POLIZEIRUF-Produktionen die Synchronisation.<\/p>\n\n\n\n<p>Siehe dazu: <br>Heike Hupertz: Verbotener \u201ePolizeiruf\u201c Das war Erich Honeckers Idee, in: <a href=\"http:\/\/www.faz.net\/artikel\/C30280\/verbotener-polizeiruf-das-war-erich-honeckers-idee-30444160.html\">FAZ<\/a>, 22.6.2011<br>Hannah Beitzer: Die verbotene Folge, <a href=\"http:\/\/www.sueddeutsche.de\/medien\/polizeiruf-im-alter-von-die-verbotene-folge-1.1111296\">S\u00fcddeutsche Zeitung<\/a>, 22.6.2011<br>An einem hellerlichten Tag &#8211; 40 Jahre \u00bbPolizeiruf 110\u00ab: Verbotene Folge wird heute erstmals im Fernsehen gezeigt, in: <a href=\"http:\/\/www.neues-deutschland.de\/artikel\/200421.an-einem-hellerlichten-tag.html\">Neues Deutschland<\/a>, 23.6.2011<br>Nikolaus von Festenberg: Martinshorn im Trabitakt, <a href=\"http:\/\/www.spiegel.de\/kultur\/tv\/0,1518,769892,00.html\">SPIEGEL kultur<\/a><\/p>\n\n\n\n<p><\/p>\n\n\n\n<div class=\"wp-block-image\"><figure class=\"alignleft\"><img loading=\"lazy\" width=\"300\" height=\"419\" src=\"https:\/\/dorothea-kleine.de\/wp-content\/uploads\/2019\/12\/bild3.jpg\" alt=\"\" class=\"wp-image-43\" srcset=\"https:\/\/dorothea-kleine.de\/wp-content\/uploads\/2019\/12\/bild3.jpg 300w, https:\/\/dorothea-kleine.de\/wp-content\/uploads\/2019\/12\/bild3-215x300.jpg 215w\" sizes=\"(max-width: 300px) 100vw, 300px\" \/><\/figure><\/div>\n\n\n\n<p><strong>Im Namen der Unschuld (1996)<\/strong><\/p>\n\n\n\n<p>Dauer: 90 Min<br>FSK ab12<br>Genre: Thriller<br>Produktionsland: Deutschland<br>Regie: Andreas Kleinert<br>Darsteller: Barbara Sukowa, Matthias Habich, Udo Samel und weiteren <br><br><a href=\"http:\/\/www.amazon.de\/Im-Namen-der-Unschuld\/dp\/B000W4I1IC\">(Amazon<\/a>)<\/p>\n\n\n\n<p>\u201cIm\n Namen der Unschuld\u201d erz\u00e4hlt eine vielschichtige Geschichte: Nach dem \nMord an ihrer Tochter will die depressive Anna Loeser (Barbara Sukowa) \nauf eigene Faust den T\u00e4ter finden und mischt sich in die Arbeit der \nPolizei ein, die schon bald einen Tatverd\u00e4chtigen festnimmt: den \nneureichen Gesch\u00e4ftsmann Rudolf Kunze (Udo Samel). Der widerruft zwar \nvor Gericht sein Gest\u00e4ndnis und bekommt von seiner Geliebten ein \nfalsches Alibi, doch Anna l\u00e4sst nicht locker, sie will Gerechtigkeit und\n Rache f\u00fcr den Tod ihrer geliebten Marie.<br>Wie in seinen vorherigen \nFilmen beschreibt Kleinert ostdeutsche Befindlichkeiten, aber nicht in \nschulmeisterlicher Manier sondern mehr \u201cen passant\u201d. In atmosph\u00e4rischer \nDichte entwirft er ein Drama von Menschen ohne Liebe, von verk\u00fcmmerten \nSeelen, von kleinen Fluchten vor der Realit\u00e4t. Dabei arbeitet er mit \nstilisierten Bildern (Kamera: Sebastian Richter) und manchmal fast \ntheater\u00e4hnlichen Tableaus. Mag die spannende Story nach dem Roman von \nDorothea Kleine mit Handlungsstr\u00e4ngen \u00fcberladen sein und etwas holpern, \ndie au\u00dfergew\u00f6hnliche Bildgestaltung l\u00e4sst Ungereimtheiten und leichte \n\u201cTatort\u201d-Assoziationen schnell vergessen. Obgleich f\u00fcr die RTL 2-Reihe \n\u201cDie jungen Wilden\u201d produziert, ist der Film f\u00fcr die gro\u00dfe Leinwand \nkonzipiert. Auffallend ist die stilpr\u00e4gende Handschrift unabh\u00e4ngig vom \nGenre. Eine Glanzleistung bietet Udo Samel, der in einer Mischung aus \naffektgeladenem M\u00f6rder und armen Schwein die Gef\u00fchlsskala so souver\u00e4n \nrauf und runter spielt, dass er fast Mitleid erweckt. Andreas Kleinert \nwill \u201ckeine Massenware machen, nicht Woolworth, sondern Harrods, kein \nFast Food, sondern Delikatessen\u201d. Deshalb sollte dieser etwas andere \nThriller vor allem \u2013 aber nicht nur \u2013 in Programmkinos auf mehr als nur \nh\u00f6fliches Interesse sto\u00dfen.\u201c <br>(Quelle: <a href=\"http:\/\/www.kino.de\/film\/im-namen-der-unschuld-1996\" target=\"_blank\" rel=\"noreferrer noopener\">www.kino.de\/film\/im-namen-der-unschuld-1996<\/a>)<\/p>\n","protected":false},"excerpt":{"rendered":"<p>Ihre Werke: Romane: Die Rechnung ging nicht auf, Berlin 1963 (Blaulicht, Heft 31) Der Ring mit dem blauen Saphir, Berlin 1964 (Blaulicht, Heft 42) Mord im Haus am See, Berlin 1965 Einer spielt falsch, Berlin 1969 Annette, Rostock, 1972 Eintreffe heute, Rostock 1978, BS-Verlag-Rostock 2011 Zwei wei\u00dfe Orchideen, Berlin 1979 Jahre mit Christine, Rostock 1980 &hellip; <a href=\"https:\/\/dorothea-kleine.de\/?page_id=35\" class=\"more-link\"><span class=\"screen-reader-text\">B\u00fccher und Filme<\/span> weiterlesen<\/a><\/p>\n","protected":false},"author":1,"featured_media":0,"parent":0,"menu_order":0,"comment_status":"closed","ping_status":"closed","template":"","meta":[],"_links":{"self":[{"href":"https:\/\/dorothea-kleine.de\/index.php?rest_route=\/wp\/v2\/pages\/35"}],"collection":[{"href":"https:\/\/dorothea-kleine.de\/index.php?rest_route=\/wp\/v2\/pages"}],"about":[{"href":"https:\/\/dorothea-kleine.de\/index.php?rest_route=\/wp\/v2\/types\/page"}],"author":[{"embeddable":true,"href":"https:\/\/dorothea-kleine.de\/index.php?rest_route=\/wp\/v2\/users\/1"}],"replies":[{"embeddable":true,"href":"https:\/\/dorothea-kleine.de\/index.php?rest_route=%2Fwp%2Fv2%2Fcomments&post=35"}],"version-history":[{"count":14,"href":"https:\/\/dorothea-kleine.de\/index.php?rest_route=\/wp\/v2\/pages\/35\/revisions"}],"predecessor-version":[{"id":120,"href":"https:\/\/dorothea-kleine.de\/index.php?rest_route=\/wp\/v2\/pages\/35\/revisions\/120"}],"wp:attachment":[{"href":"https:\/\/dorothea-kleine.de\/index.php?rest_route=%2Fwp%2Fv2%2Fmedia&parent=35"}],"curies":[{"name":"wp","href":"https:\/\/api.w.org\/{rel}","templated":true}]}}